{"id":79542,"date":"2025-05-15T13:25:00","date_gmt":"2025-05-15T13:25:00","guid":{"rendered":"https:\/\/lumerestaurante.com\/barrierefreiheitserklaerung\/"},"modified":"2025-05-16T08:08:48","modified_gmt":"2025-05-16T08:08:48","slug":"barrierefreiheitserklaerung","status":"publish","type":"page","link":"https:\/\/lumerestaurante.com\/de\/barrierefreiheitserklaerung\/","title":{"rendered":"Barrierefreiheitserkl\u00e4rung"},"content":{"rendered":"\t\t<div data-elementor-type=\"wp-page\" data-elementor-id=\"79542\" class=\"elementor elementor-79542 elementor-79528\" data-elementor-post-type=\"page\">\n\t\t\t\t<div class=\"e-con-with-custom-width elementor-element elementor-element-2432f4b0 e-flex e-con-boxed sc_layouts_column_icons_position_left e-con e-parent\" data-id=\"2432f4b0\" data-element_type=\"container\">\n\t\t\t\t\t<div class=\"e-con-inner\">\n\t\t\t\t<div class=\"elementor-element elementor-element-429cc668 sc_fly_static elementor-widget elementor-widget-text-editor\" data-id=\"429cc668\" data-element_type=\"widget\" data-widget_type=\"text-editor.default\">\n\t\t\t\t<div class=\"elementor-widget-container\">\n\t\t\t\t\t\t\t\t\t<p>LUME AND CO verpflichtet sich, <a href=\"https:\/\/lumerestaurante.com\/de\/\">https:\/\/lumerestaurante.com\/<\/a>, gem\u00e4\u00df dem K\u00f6niglichen Dekret 1112\/2018 vom 7. September \u00fcber die Barrierefreiheit von Websites und mobilen Anwendungen des \u00f6ffentlichen Sektors zug\u00e4nglich zu machen. Diese Barrierefreiheitserkl\u00e4rung gilt f\u00fcr die Website <a href=\"https:\/\/lumerestaurante.com\/de\/\">https:\/\/lumerestaurante.com\/<\/a>. Diese Website entspricht vollst\u00e4ndig dem K\u00f6niglichen Dekret 1112\/2018. <\/p>\t\t\t\t\t\t\t\t<\/div>\n\t\t\t\t<\/div>\n\t\t\t\t\t<\/div>\n\t\t\t\t<\/div>\n\t\t\t\t<\/div>\n\t\t","protected":false},"excerpt":{"rendered":"<p>LUME AND CO verpflichtet sich, https:\/\/lumerestaurante.com\/, gem\u00e4\u00df dem K\u00f6niglichen Dekret 1112\/2018 vom 7. September \u00fcber die Barrierefreiheit von Websites und mobilen Anwendungen des \u00f6ffentlichen Sektors zug\u00e4nglich zu machen. Diese Barrierefreiheitserkl\u00e4rung&hellip;<\/p>\n","protected":false},"author":1,"featured_media":0,"parent":0,"menu_order":0,"comment_status":"closed","ping_status":"closed","template":"","meta":{"inline_featured_image":false,"footnotes":""},"class_list":["post-79542","page","type-page","status-publish","hentry"],"yoast_head":"<!-- This site is optimized with the Yoast SEO plugin v25.2 - https:\/\/yoast.com\/wordpress\/plugins\/seo\/ -->\n<title>Barrierefreiheitserkl\u00e4rung &#8212; Lume &amp; Co<\/title>\n<meta name=\"robots\" content=\"index, follow, max-snippet:-1, max-image-preview:large, max-video-preview:-1\" \/>\n<link rel=\"canonical\" href=\"https:\/\/lumerestaurante.com\/de\/barrierefreiheitserklaerung\/\" \/>\n<meta property=\"og:locale\" content=\"de_DE\" \/>\n<meta property=\"og:type\" content=\"article\" \/>\n<meta property=\"og:title\" content=\"Barrierefreiheitserkl\u00e4rung &#8212; Lume &amp; Co\" \/>\n<meta property=\"og:description\" content=\"LUME AND CO verpflichtet sich, https:\/\/lumerestaurante.com\/, gem\u00e4\u00df dem K\u00f6niglichen Dekret 1112\/2018 vom 7. September \u00fcber die Barrierefreiheit von Websites und mobilen Anwendungen des \u00f6ffentlichen Sektors zug\u00e4nglich zu machen. Diese Barrierefreiheitserkl\u00e4rung&hellip;\" \/>\n<meta property=\"og:url\" content=\"https:\/\/lumerestaurante.com\/de\/barrierefreiheitserklaerung\/\" \/>\n<meta property=\"og:site_name\" content=\"Lume &amp; Co\" \/>\n<meta property=\"article:publisher\" content=\"https:\/\/www.facebook.com\/LumeAndCo\/\" \/>\n<meta property=\"article:modified_time\" content=\"2025-05-16T08:08:48+00:00\" \/>\n<meta name=\"twitter:card\" content=\"summary_large_image\" \/>\n<script type=\"application\/ld+json\" class=\"yoast-schema-graph\">{\"@context\":\"https:\/\/schema.org\",\"@graph\":[{\"@type\":\"WebPage\",\"@id\":\"https:\/\/lumerestaurante.com\/de\/barrierefreiheitserklaerung\/\",\"url\":\"https:\/\/lumerestaurante.com\/de\/barrierefreiheitserklaerung\/\",\"name\":\"Barrierefreiheitserkl\u00e4rung &#8212; Lume &amp; Co\",\"isPartOf\":{\"@id\":\"https:\/\/lumerestaurante.com\/de\/#website\"},\"datePublished\":\"2025-05-15T13:25:00+00:00\",\"dateModified\":\"2025-05-16T08:08:48+00:00\",\"breadcrumb\":{\"@id\":\"https:\/\/lumerestaurante.com\/de\/barrierefreiheitserklaerung\/#breadcrumb\"},\"inLanguage\":\"de\",\"potentialAction\":[{\"@type\":\"ReadAction\",\"target\":[\"https:\/\/lumerestaurante.com\/de\/barrierefreiheitserklaerung\/\"]}]},{\"@type\":\"BreadcrumbList\",\"@id\":\"https:\/\/lumerestaurante.com\/de\/barrierefreiheitserklaerung\/#breadcrumb\",\"itemListElement\":[{\"@type\":\"ListItem\",\"position\":1,\"name\":\"Portada\",\"item\":\"https:\/\/lumerestaurante.com\/de\/\"},{\"@type\":\"ListItem\",\"position\":2,\"name\":\"Barrierefreiheitserkl\u00e4rung\"}]},{\"@type\":\"WebSite\",\"@id\":\"https:\/\/lumerestaurante.com\/de\/#website\",\"url\":\"https:\/\/lumerestaurante.com\/de\/\",\"name\":\"Lume & Co\",\"description\":\"\",\"publisher\":{\"@id\":\"https:\/\/lumerestaurante.com\/de\/#organization\"},\"potentialAction\":[{\"@type\":\"SearchAction\",\"target\":{\"@type\":\"EntryPoint\",\"urlTemplate\":\"https:\/\/lumerestaurante.com\/de\/?s={search_term_string}\"},\"query-input\":{\"@type\":\"PropertyValueSpecification\",\"valueRequired\":true,\"valueName\":\"search_term_string\"}}],\"inLanguage\":\"de\"},{\"@type\":\"Organization\",\"@id\":\"https:\/\/lumerestaurante.com\/de\/#organization\",\"name\":\"Lume & Co\",\"url\":\"https:\/\/lumerestaurante.com\/de\/\",\"logo\":{\"@type\":\"ImageObject\",\"inLanguage\":\"de\",\"@id\":\"https:\/\/lumerestaurante.com\/de\/#\/schema\/logo\/image\/\",\"url\":\"https:\/\/lumerestaurante.com\/wp-content\/uploads\/2021\/03\/ParentLogo.svg\",\"contentUrl\":\"https:\/\/lumerestaurante.com\/wp-content\/uploads\/2021\/03\/ParentLogo.svg\",\"width\":120,\"height\":120,\"caption\":\"Lume & Co\"},\"image\":{\"@id\":\"https:\/\/lumerestaurante.com\/de\/#\/schema\/logo\/image\/\"},\"sameAs\":[\"https:\/\/www.facebook.com\/LumeAndCo\/\",\"https:\/\/www.instagram.com\/lumerestaurantemallorca\/?hl=en\"]}]}<\/script>\n<!-- \/ Yoast SEO plugin. -->","yoast_head_json":{"title":"Barrierefreiheitserkl\u00e4rung &#8212; Lume &amp; Co","robots":{"index":"index","follow":"follow","max-snippet":"max-snippet:-1","max-image-preview":"max-image-preview:large","max-video-preview":"max-video-preview:-1"},"canonical":"https:\/\/lumerestaurante.com\/de\/barrierefreiheitserklaerung\/","og_locale":"de_DE","og_type":"article","og_title":"Barrierefreiheitserkl\u00e4rung &#8212; Lume &amp; Co","og_description":"LUME AND CO verpflichtet sich, https:\/\/lumerestaurante.com\/, gem\u00e4\u00df dem K\u00f6niglichen Dekret 1112\/2018 vom 7. September \u00fcber die Barrierefreiheit von Websites und mobilen Anwendungen des \u00f6ffentlichen Sektors zug\u00e4nglich zu machen. Diese Barrierefreiheitserkl\u00e4rung&hellip;","og_url":"https:\/\/lumerestaurante.com\/de\/barrierefreiheitserklaerung\/","og_site_name":"Lume &amp; Co","article_publisher":"https:\/\/www.facebook.com\/LumeAndCo\/","article_modified_time":"2025-05-16T08:08:48+00:00","twitter_card":"summary_large_image","schema":{"@context":"https:\/\/schema.org","@graph":[{"@type":"WebPage","@id":"https:\/\/lumerestaurante.com\/de\/barrierefreiheitserklaerung\/","url":"https:\/\/lumerestaurante.com\/de\/barrierefreiheitserklaerung\/","name":"Barrierefreiheitserkl\u00e4rung &#8212; Lume &amp; Co","isPartOf":{"@id":"https:\/\/lumerestaurante.com\/de\/#website"},"datePublished":"2025-05-15T13:25:00+00:00","dateModified":"2025-05-16T08:08:48+00:00","breadcrumb":{"@id":"https:\/\/lumerestaurante.com\/de\/barrierefreiheitserklaerung\/#breadcrumb"},"inLanguage":"de","potentialAction":[{"@type":"ReadAction","target":["https:\/\/lumerestaurante.com\/de\/barrierefreiheitserklaerung\/"]}]},{"@type":"BreadcrumbList","@id":"https:\/\/lumerestaurante.com\/de\/barrierefreiheitserklaerung\/#breadcrumb","itemListElement":[{"@type":"ListItem","position":1,"name":"Portada","item":"https:\/\/lumerestaurante.com\/de\/"},{"@type":"ListItem","position":2,"name":"Barrierefreiheitserkl\u00e4rung"}]},{"@type":"WebSite","@id":"https:\/\/lumerestaurante.com\/de\/#website","url":"https:\/\/lumerestaurante.com\/de\/","name":"Lume & Co","description":"","publisher":{"@id":"https:\/\/lumerestaurante.com\/de\/#organization"},"potentialAction":[{"@type":"SearchAction","target":{"@type":"EntryPoint","urlTemplate":"https:\/\/lumerestaurante.com\/de\/?s={search_term_string}"},"query-input":{"@type":"PropertyValueSpecification","valueRequired":true,"valueName":"search_term_string"}}],"inLanguage":"de"},{"@type":"Organization","@id":"https:\/\/lumerestaurante.com\/de\/#organization","name":"Lume & Co","url":"https:\/\/lumerestaurante.com\/de\/","logo":{"@type":"ImageObject","inLanguage":"de","@id":"https:\/\/lumerestaurante.com\/de\/#\/schema\/logo\/image\/","url":"https:\/\/lumerestaurante.com\/wp-content\/uploads\/2021\/03\/ParentLogo.svg","contentUrl":"https:\/\/lumerestaurante.com\/wp-content\/uploads\/2021\/03\/ParentLogo.svg","width":120,"height":120,"caption":"Lume & Co"},"image":{"@id":"https:\/\/lumerestaurante.com\/de\/#\/schema\/logo\/image\/"},"sameAs":["https:\/\/www.facebook.com\/LumeAndCo\/","https:\/\/www.instagram.com\/lumerestaurantemallorca\/?hl=en"]}]}},"_links":{"self":[{"href":"https:\/\/lumerestaurante.com\/de\/wp-json\/wp\/v2\/pages\/79542","targetHints":{"allow":["GET"]}}],"collection":[{"href":"https:\/\/lumerestaurante.com\/de\/wp-json\/wp\/v2\/pages"}],"about":[{"href":"https:\/\/lumerestaurante.com\/de\/wp-json\/wp\/v2\/types\/page"}],"author":[{"embeddable":true,"href":"https:\/\/lumerestaurante.com\/de\/wp-json\/wp\/v2\/users\/1"}],"replies":[{"embeddable":true,"href":"https:\/\/lumerestaurante.com\/de\/wp-json\/wp\/v2\/comments?post=79542"}],"version-history":[{"count":3,"href":"https:\/\/lumerestaurante.com\/de\/wp-json\/wp\/v2\/pages\/79542\/revisions"}],"predecessor-version":[{"id":79546,"href":"https:\/\/lumerestaurante.com\/de\/wp-json\/wp\/v2\/pages\/79542\/revisions\/79546"}],"wp:attachment":[{"href":"https:\/\/lumerestaurante.com\/de\/wp-json\/wp\/v2\/media?parent=79542"}],"curies":[{"name":"wp","href":"https:\/\/api.w.org\/{rel}","templated":true}]}}