{"id":79455,"date":"2025-04-16T13:17:49","date_gmt":"2025-04-16T13:17:49","guid":{"rendered":"https:\/\/lumerestaurante.rwdesarrollos.es\/proteccion-de-datos\/"},"modified":"2025-04-16T13:23:04","modified_gmt":"2025-04-16T13:23:04","slug":"proteccion-de-datos","status":"publish","type":"page","link":"https:\/\/lumerestaurante.com\/de\/proteccion-de-datos\/","title":{"rendered":"Protecci\u00f3n de Datos"},"content":{"rendered":"\t\t<div data-elementor-type=\"wp-page\" data-elementor-id=\"79455\" class=\"elementor elementor-79455 elementor-79446\" data-elementor-post-type=\"page\">\n\t\t\t\t<div class=\"elementor-element elementor-element-8530754 e-flex e-con-boxed sc_layouts_column_icons_position_left e-con e-parent\" data-id=\"8530754\" data-element_type=\"container\">\n\t\t\t\t\t<div class=\"e-con-inner\">\n\t\t\t\t<div class=\"elementor-element elementor-element-b92bef4 sc_fly_static elementor-widget elementor-widget-text-editor\" data-id=\"b92bef4\" data-element_type=\"widget\" data-widget_type=\"text-editor.default\">\n\t\t\t\t<div class=\"elementor-widget-container\">\n\t\t\t\t\t\t\t\t\t<h1><strong>Protecci\u00f3n de datos<\/strong> Lume &amp; Co restaurante en Mallorca<\/h1><p>La informaci\u00f3n contenida en este mensaje y\/o archivo(s) adjunto(s), enviada desde BONAN GROUP RESTAURANTE SL, es confidencial\/privilegiada y est\u00e1 destinada a ser le\u00edda s\u00f3lo por la(s) persona(s) a la(s) que va dirigida. Le recordamos que sus datos han sido incorporados en el sistema de tratamiento de BONAN GROUP RESTAURANTE SL y que siempre y cuando se cumplan los requisitos exigidos por la normativa, usted podr\u00e1 ejercer sus derechos de acceso, rectificaci\u00f3n y limitaci\u00f3n de tratamiento, supersi\u00f3n \u00abderecho al olvido\u00bb, portabilidad, oposici\u00f3n y revocaci\u00f3n, en los t\u00e9rminos que establece la normativa vigente y aplicable en materia de protecci\u00f3n de datos, dirigiendo su petici\u00f3n a la direcci\u00f3n postal CAMI DELS REIS 64 07015, PALMA DE MALLORCA (ILLES BALEARS) o bien a trav\u00e9s de correo electr\u00f3nico <a href=\"mailto:INFO@LUMERESTAURANTE.COM\" target=\"_blank\" rel=\"noopener noreferrer\">INFO@LUMERESTAURANTE.COM<\/a> <\/p><p>Si usted lee este mensaje y no es el destinatario se\u00f1alado, el empleado o el agente responsable de entregar el mensaje al destinatario, o ha recibido esta comunicaci\u00f3n por error, le informamos que est\u00e1 totalmente prohibida, y puede ser ilegal, cualquier divulgaci\u00f3n, distribuci\u00f3n o reproducci\u00f3n de esta comunicaci\u00f3n, y le rogamos que nos lo notifique inmediatamente y nos devuelva el mensaje original a la direcci\u00f3n arriba mencionada.<\/p>\t\t\t\t\t\t\t\t<\/div>\n\t\t\t\t<\/div>\n\t\t\t\t\t<\/div>\n\t\t\t\t<\/div>\n\t\t\t\t<\/div>\n\t\t","protected":false},"excerpt":{"rendered":"<p>Protecci\u00f3n de datos Lume &amp; Co restaurante en Mallorca La informaci\u00f3n contenida en este mensaje y\/o archivo(s) adjunto(s), enviada desde BONAN GROUP RESTAURANTE SL, es confidencial\/privilegiada y est\u00e1 destinada a&hellip;<\/p>\n","protected":false},"author":1,"featured_media":0,"parent":0,"menu_order":0,"comment_status":"closed","ping_status":"closed","template":"","meta":{"inline_featured_image":false,"footnotes":""},"class_list":["post-79455","page","type-page","status-publish","hentry"],"yoast_head":"<!-- This site is optimized with the Yoast SEO plugin v25.2 - https:\/\/yoast.com\/wordpress\/plugins\/seo\/ -->\n<title>Protecci\u00f3n de Datos &#8212; Lume &amp; Co<\/title>\n<meta name=\"robots\" content=\"index, follow, max-snippet:-1, max-image-preview:large, max-video-preview:-1\" \/>\n<link rel=\"canonical\" href=\"https:\/\/lumerestaurante.com\/de\/proteccion-de-datos\/\" \/>\n<meta property=\"og:locale\" content=\"de_DE\" \/>\n<meta property=\"og:type\" content=\"article\" \/>\n<meta property=\"og:title\" content=\"Protecci\u00f3n de Datos &#8212; Lume &amp; Co\" \/>\n<meta property=\"og:description\" content=\"Protecci\u00f3n de datos Lume &amp; Co restaurante en Mallorca La informaci\u00f3n contenida en este mensaje y\/o archivo(s) adjunto(s), enviada desde BONAN GROUP RESTAURANTE SL, es confidencial\/privilegiada y est\u00e1 destinada a&hellip;\" \/>\n<meta property=\"og:url\" content=\"https:\/\/lumerestaurante.com\/de\/proteccion-de-datos\/\" \/>\n<meta property=\"og:site_name\" content=\"Lume &amp; Co\" \/>\n<meta property=\"article:publisher\" content=\"https:\/\/www.facebook.com\/LumeAndCo\/\" \/>\n<meta property=\"article:modified_time\" content=\"2025-04-16T13:23:04+00:00\" \/>\n<meta name=\"twitter:card\" content=\"summary_large_image\" \/>\n<meta name=\"twitter:label1\" content=\"Gesch\u00e4tzte Lesezeit\" \/>\n\t<meta name=\"twitter:data1\" content=\"1\u00a0Minute\" \/>\n<script type=\"application\/ld+json\" class=\"yoast-schema-graph\">{\"@context\":\"https:\/\/schema.org\",\"@graph\":[{\"@type\":\"WebPage\",\"@id\":\"https:\/\/lumerestaurante.com\/de\/proteccion-de-datos\/\",\"url\":\"https:\/\/lumerestaurante.com\/de\/proteccion-de-datos\/\",\"name\":\"Protecci\u00f3n de Datos &#8212; Lume &amp; Co\",\"isPartOf\":{\"@id\":\"https:\/\/lumerestaurante.com\/de\/#website\"},\"datePublished\":\"2025-04-16T13:17:49+00:00\",\"dateModified\":\"2025-04-16T13:23:04+00:00\",\"breadcrumb\":{\"@id\":\"https:\/\/lumerestaurante.com\/de\/proteccion-de-datos\/#breadcrumb\"},\"inLanguage\":\"de\",\"potentialAction\":[{\"@type\":\"ReadAction\",\"target\":[\"https:\/\/lumerestaurante.com\/de\/proteccion-de-datos\/\"]}]},{\"@type\":\"BreadcrumbList\",\"@id\":\"https:\/\/lumerestaurante.com\/de\/proteccion-de-datos\/#breadcrumb\",\"itemListElement\":[{\"@type\":\"ListItem\",\"position\":1,\"name\":\"Portada\",\"item\":\"https:\/\/lumerestaurante.com\/de\/\"},{\"@type\":\"ListItem\",\"position\":2,\"name\":\"Protecci\u00f3n de Datos\"}]},{\"@type\":\"WebSite\",\"@id\":\"https:\/\/lumerestaurante.com\/de\/#website\",\"url\":\"https:\/\/lumerestaurante.com\/de\/\",\"name\":\"Lume & Co\",\"description\":\"\",\"publisher\":{\"@id\":\"https:\/\/lumerestaurante.com\/de\/#organization\"},\"potentialAction\":[{\"@type\":\"SearchAction\",\"target\":{\"@type\":\"EntryPoint\",\"urlTemplate\":\"https:\/\/lumerestaurante.com\/de\/?s={search_term_string}\"},\"query-input\":{\"@type\":\"PropertyValueSpecification\",\"valueRequired\":true,\"valueName\":\"search_term_string\"}}],\"inLanguage\":\"de\"},{\"@type\":\"Organization\",\"@id\":\"https:\/\/lumerestaurante.com\/de\/#organization\",\"name\":\"Lume & Co\",\"url\":\"https:\/\/lumerestaurante.com\/de\/\",\"logo\":{\"@type\":\"ImageObject\",\"inLanguage\":\"de\",\"@id\":\"https:\/\/lumerestaurante.com\/de\/#\/schema\/logo\/image\/\",\"url\":\"https:\/\/lumerestaurante.com\/wp-content\/uploads\/2021\/03\/ParentLogo.svg\",\"contentUrl\":\"https:\/\/lumerestaurante.com\/wp-content\/uploads\/2021\/03\/ParentLogo.svg\",\"width\":120,\"height\":120,\"caption\":\"Lume & Co\"},\"image\":{\"@id\":\"https:\/\/lumerestaurante.com\/de\/#\/schema\/logo\/image\/\"},\"sameAs\":[\"https:\/\/www.facebook.com\/LumeAndCo\/\",\"https:\/\/www.instagram.com\/lumerestaurantemallorca\/?hl=en\"]}]}<\/script>\n<!-- \/ Yoast SEO plugin. -->","yoast_head_json":{"title":"Protecci\u00f3n de Datos &#8212; Lume &amp; Co","robots":{"index":"index","follow":"follow","max-snippet":"max-snippet:-1","max-image-preview":"max-image-preview:large","max-video-preview":"max-video-preview:-1"},"canonical":"https:\/\/lumerestaurante.com\/de\/proteccion-de-datos\/","og_locale":"de_DE","og_type":"article","og_title":"Protecci\u00f3n de Datos &#8212; Lume &amp; Co","og_description":"Protecci\u00f3n de datos Lume &amp; Co restaurante en Mallorca La informaci\u00f3n contenida en este mensaje y\/o archivo(s) adjunto(s), enviada desde BONAN GROUP RESTAURANTE SL, es confidencial\/privilegiada y est\u00e1 destinada a&hellip;","og_url":"https:\/\/lumerestaurante.com\/de\/proteccion-de-datos\/","og_site_name":"Lume &amp; Co","article_publisher":"https:\/\/www.facebook.com\/LumeAndCo\/","article_modified_time":"2025-04-16T13:23:04+00:00","twitter_card":"summary_large_image","twitter_misc":{"Gesch\u00e4tzte Lesezeit":"1\u00a0Minute"},"schema":{"@context":"https:\/\/schema.org","@graph":[{"@type":"WebPage","@id":"https:\/\/lumerestaurante.com\/de\/proteccion-de-datos\/","url":"https:\/\/lumerestaurante.com\/de\/proteccion-de-datos\/","name":"Protecci\u00f3n de Datos &#8212; Lume &amp; Co","isPartOf":{"@id":"https:\/\/lumerestaurante.com\/de\/#website"},"datePublished":"2025-04-16T13:17:49+00:00","dateModified":"2025-04-16T13:23:04+00:00","breadcrumb":{"@id":"https:\/\/lumerestaurante.com\/de\/proteccion-de-datos\/#breadcrumb"},"inLanguage":"de","potentialAction":[{"@type":"ReadAction","target":["https:\/\/lumerestaurante.com\/de\/proteccion-de-datos\/"]}]},{"@type":"BreadcrumbList","@id":"https:\/\/lumerestaurante.com\/de\/proteccion-de-datos\/#breadcrumb","itemListElement":[{"@type":"ListItem","position":1,"name":"Portada","item":"https:\/\/lumerestaurante.com\/de\/"},{"@type":"ListItem","position":2,"name":"Protecci\u00f3n de Datos"}]},{"@type":"WebSite","@id":"https:\/\/lumerestaurante.com\/de\/#website","url":"https:\/\/lumerestaurante.com\/de\/","name":"Lume & Co","description":"","publisher":{"@id":"https:\/\/lumerestaurante.com\/de\/#organization"},"potentialAction":[{"@type":"SearchAction","target":{"@type":"EntryPoint","urlTemplate":"https:\/\/lumerestaurante.com\/de\/?s={search_term_string}"},"query-input":{"@type":"PropertyValueSpecification","valueRequired":true,"valueName":"search_term_string"}}],"inLanguage":"de"},{"@type":"Organization","@id":"https:\/\/lumerestaurante.com\/de\/#organization","name":"Lume & Co","url":"https:\/\/lumerestaurante.com\/de\/","logo":{"@type":"ImageObject","inLanguage":"de","@id":"https:\/\/lumerestaurante.com\/de\/#\/schema\/logo\/image\/","url":"https:\/\/lumerestaurante.com\/wp-content\/uploads\/2021\/03\/ParentLogo.svg","contentUrl":"https:\/\/lumerestaurante.com\/wp-content\/uploads\/2021\/03\/ParentLogo.svg","width":120,"height":120,"caption":"Lume & Co"},"image":{"@id":"https:\/\/lumerestaurante.com\/de\/#\/schema\/logo\/image\/"},"sameAs":["https:\/\/www.facebook.com\/LumeAndCo\/","https:\/\/www.instagram.com\/lumerestaurantemallorca\/?hl=en"]}]}},"_links":{"self":[{"href":"https:\/\/lumerestaurante.com\/de\/wp-json\/wp\/v2\/pages\/79455","targetHints":{"allow":["GET"]}}],"collection":[{"href":"https:\/\/lumerestaurante.com\/de\/wp-json\/wp\/v2\/pages"}],"about":[{"href":"https:\/\/lumerestaurante.com\/de\/wp-json\/wp\/v2\/types\/page"}],"author":[{"embeddable":true,"href":"https:\/\/lumerestaurante.com\/de\/wp-json\/wp\/v2\/users\/1"}],"replies":[{"embeddable":true,"href":"https:\/\/lumerestaurante.com\/de\/wp-json\/wp\/v2\/comments?post=79455"}],"version-history":[{"count":1,"href":"https:\/\/lumerestaurante.com\/de\/wp-json\/wp\/v2\/pages\/79455\/revisions"}],"predecessor-version":[{"id":79456,"href":"https:\/\/lumerestaurante.com\/de\/wp-json\/wp\/v2\/pages\/79455\/revisions\/79456"}],"wp:attachment":[{"href":"https:\/\/lumerestaurante.com\/de\/wp-json\/wp\/v2\/media?parent=79455"}],"curies":[{"name":"wp","href":"https:\/\/api.w.org\/{rel}","templated":true}]}}