{"id":79444,"date":"2025-04-16T13:14:44","date_gmt":"2025-04-16T13:14:44","guid":{"rendered":"https:\/\/lumerestaurante.rwdesarrollos.es\/terminos-y-condiciones\/"},"modified":"2025-04-16T13:16:59","modified_gmt":"2025-04-16T13:16:59","slug":"terminos-y-condiciones","status":"publish","type":"page","link":"https:\/\/lumerestaurante.com\/de\/terminos-y-condiciones\/","title":{"rendered":"T\u00e9rminos y condiciones"},"content":{"rendered":"\t\t<div data-elementor-type=\"wp-page\" data-elementor-id=\"79444\" class=\"elementor elementor-79444 elementor-79437\" data-elementor-post-type=\"page\">\n\t\t\t\t<div class=\"elementor-element elementor-element-e9b8c4f e-flex e-con-boxed sc_layouts_column_icons_position_left e-con e-parent\" data-id=\"e9b8c4f\" data-element_type=\"container\">\n\t\t\t\t\t<div class=\"e-con-inner\">\n\t\t\t\t<div class=\"elementor-element elementor-element-23cb1df sc_fly_static elementor-widget elementor-widget-text-editor\" data-id=\"23cb1df\" data-element_type=\"widget\" data-widget_type=\"text-editor.default\">\n\t\t\t\t<div class=\"elementor-widget-container\">\n\t\t\t\t\t\t\t\t\t<h1><strong>Pol\u00edtica de protecci\u00f3n de datos<\/strong> Lume &amp; Co restaurante en Mallorca<\/h1><p>Bienvenido a la p\u00e1gina Web de Lume &amp; Co restaurante en Mallora. Le rogamos lea atentamente la siguiente informaci\u00f3n antes de hacer uso de esta p\u00e1gina Web. La utilizaci\u00f3n de esta publicaci\u00f3n digital y su contenido est\u00e1 sujeta a dichas condiciones de uso. Si no acepta los siguientes t\u00e9rminos y condiciones, le rogamos se abstenga de utilizar nuestra p\u00e1gina Web y su contenido.<br>Estas condiciones generales se rigen por la ley espa\u00f1ola.<br>Para cualquier controversia que pudiera derivarse de la aplicaci\u00f3n e interpretaci\u00f3n de las mismas, Lume &amp; Co y el Usuario, con renuncia expresa a cualquier otro fuero, se someten al de los Juzgados y Tribunales de la ciudad de Palma, en Mallorca \u2013 Islas Balears (Espa\u00f1a).   <\/p><p><strong>1. COPYRIGHT y TRADEMARKS<\/strong><br>Lume &amp; Co es titular de todos los derechos sobre el software de la p\u00e1gina Web as\u00ed como de los derechos de propiedad industrial e intelectual referidos a los contenidos que en ella se incluyan.<br>Cualquier persona est\u00e1 autorizada para ver, copiar, imprimir y distribuir cualquier documento publicado por Lume &amp; Co restaurante en Mallorca, en esta p\u00e1gina Web teniendo en cuenta que: (i) dicho documento ser\u00e1 utilizado exclusivamente con fines informativos; (ii) dicho documento no podr\u00e1 ser utilizado con fines comerciales; (iii) dicho documento deber\u00e1 siempre incluir referencia de que es propiedad de Lume &amp; Co restaurante en Mallorca.<br>Los materiales en esta p\u00e1gina Web est\u00e1n protegidos por derechos de autor y cualquier uso no autorizado de cualquier material de esta p\u00e1gina Web puede violar la normativa sobre derechos de autor, marcas y otras regulaciones. La autorizaci\u00f3n concedida para utilizar esta p\u00e1gina Web se entender\u00e1 autom\u00e1ticamente terminada en caso de infringir cualquiera de estas Condiciones, estando obligado a destruir inmediatamente cualquier material obtenido o impreso de la p\u00e1gina Web.<br>Lume &amp; Co restaurante en Mallorca no concede ninguna licencia o autorizaci\u00f3n de uso de ninguna clase sobre sus derechos de propiedad industrial e intelectual, secretos empresariales o sobre cualquier otra propiedad o derecho relacionado con la p\u00e1gina Web y sus contenidos.    <\/p><p><strong>2. ADVERTENCIA LEGAL<\/strong><br>La informaci\u00f3n de esta p\u00e1gina Web se proporciona sin garant\u00eda de ninguna clase, ni expl\u00edcita ni impl\u00edcita, y podr\u00e1 cambiarse o actualizarse sin previo aviso.<br>Toda la informaci\u00f3n que reciba Lume &amp; Co restaurante en Mallorca a trav\u00e9s de este sitio Web no se considerar\u00e1 confidencial salvo que est\u00e9 contemplada en el apartado de confidencialidad de datos. Cualquier otra informaci\u00f3n que sea enviada a Lume &amp; Co restaurante en mallorca a trav\u00e9s de estas p\u00e1ginas Web podr\u00e1 ser utilizada, reproducida, transformada, transmitida o difundida por Capital Rehabilitaciones a voluntad.<br>Lume &amp; Co restaurante en Mallorca no asume responsabilidad alguna derivada de los contenidos que terceras partes hayan incluido en los hiperv\u00ednculos a los que se hace referencia en esta p\u00e1gina. El establecimiento del hiperv\u00ednculo no implica en ning\u00fan caso la existencia de relaciones entre Lume &amp; Co restaurante en Mallorca y el propietario de la p\u00e1gina Web en la que se establezca, ni la aceptaci\u00f3n y aprobaci\u00f3n por parte de Lume &amp; Co restaurante en Mallorca de sus contenidos o servicios all\u00ed ofrecidos puestos a disposici\u00f3n del p\u00fablico.  <br>Queda expresamente prohibido cualquier alteraci\u00f3n, cambio, modificaci\u00f3n o adaptaci\u00f3n de esta p\u00e1gina Web o de cualquier informaci\u00f3n que la misma contenga.<br>Lume &amp; Co restaurante en Mallorca no se hace responsable de ning\u00fan da\u00f1o o perjuicio en el software o hardware del usuario que se derive del acceso a su p\u00e1gina Web o del uso de informaci\u00f3n o aplicaciones en ella contenidas. As\u00ed mismo no se responsabiliza ni garantiza la disponibilidad y continuidad en el acceso a esta p\u00e1gina Web o que el mismo est\u00e9 libre de errores.<br>El Usuario responder\u00e1 de los da\u00f1os y perjuicios de toda naturaleza que Lume &amp; Co restaurante en Mallorca pueda sufrir como consecuencia del incumplimiento de cualquiera de las obligaciones a las que queda sometido por las presentes condiciones. El Usuario es consciente y acepta voluntariamente que el uso de cualesquiera contenidos de esta p\u00e1gina Web tiene lugar, en todo caso, bajo su \u00fanica y exclusiva responsabilidad.  <\/p><p><strong>3. CONFIDENCIALIDAD DE LOS DATOS<\/strong><br>Lume &amp; Co restaurante en Mallorca se compromete a respetar la confidencialidad de los datos de car\u00e1cter personal aportados por los visitantes a la p\u00e1gina Web en aplicaci\u00f3n de lo dispuesto en la Ley Org\u00e1nica 15\/1999 de 13 de diciembre, de protecci\u00f3n de datos de car\u00e1cter personal.<br>La informaci\u00f3n enviada a Lume &amp; Co restaurante en Mallorca a trav\u00e9s de esta p\u00e1gina Web a efectos de selecci\u00f3n de personal se mantendr\u00e1 en la m\u00e1s estricta confidencialidad y se tratar\u00e1 conforme a la legislaci\u00f3n europea o nacional, seg\u00fan corresponda, relativa a la privacidad de la informaci\u00f3n. El env\u00edo por su parte de dicha informaci\u00f3n implica la autorizaci\u00f3n para que Lume &amp; Co restaurante en Mallorca la use para su prop\u00f3sito, y para transferirla a cualquier filial o empresa asociada a Lume &amp; Co restaurante en Mallorca, donde sea tratada seg\u00fan los mismos principios.<br>Lume &amp; Co restaurante en Mallorca podr\u00e1, en determinados casos, conservar la informaci\u00f3n para efectos estad\u00edsticos o hist\u00f3ricos. Si desea actualizar su informaci\u00f3n personal, p\u00f3ngase en contacto con nosotros.  <\/p><p><strong>4. CONTACTO LEGAL<\/strong><br>Para cualquier sugerencia o pregunta acerca de este aviso legal contacte con nosotros. info@lumerestaurante.com<br>Los datos personales aqu\u00ed recogidos ser\u00e1n incluidos en una base de datos de Lume &amp; Co restaurante en Mallorca, con la finalidad de enviar noticias de Lume &amp; Co restaurante en Mallorca y publicidad.<br>Usted tiene derecho a acceder a la informaci\u00f3n que le concierne, rectificarla y cancelarla, en caso de ser err\u00f3nea, de conformidad con lo dispuesto en la Ley 15\/1995, del 13 de Diciembre, de Protecci\u00f3n de Datos de Car\u00e1cter Personal.<br>Dicha informaci\u00f3n podr\u00eda ser cedida a otras empresas que pertenecen a Lume &amp; Co restaurante en Mallorca. <\/p><p>Para ejercer sus derechos dir\u00edjase a:<br>Lume &amp; Co restaurante en Mallorca,<br>Cam\u00ed del Reis, 64<br>07015 \u2013 Palma<br>971 104 295<br>info@lumerestaurante.es<br>Actualizaci\u00f3n, noviembre 2017<\/p>\t\t\t\t\t\t\t\t<\/div>\n\t\t\t\t<\/div>\n\t\t\t\t\t<\/div>\n\t\t\t\t<\/div>\n\t\t\t\t<\/div>\n\t\t","protected":false},"excerpt":{"rendered":"<p>Pol\u00edtica de protecci\u00f3n de datos Lume &amp; Co restaurante en Mallorca Bienvenido a la p\u00e1gina Web de Lume &amp; Co restaurante en Mallora. Le rogamos lea atentamente la siguiente informaci\u00f3n&hellip;<\/p>\n","protected":false},"author":1,"featured_media":0,"parent":0,"menu_order":0,"comment_status":"closed","ping_status":"closed","template":"","meta":{"inline_featured_image":false,"footnotes":""},"class_list":["post-79444","page","type-page","status-publish","hentry"],"yoast_head":"<!-- This site is optimized with the Yoast SEO plugin v25.2 - https:\/\/yoast.com\/wordpress\/plugins\/seo\/ -->\n<title>T\u00e9rminos y condiciones &#8212; Lume &amp; Co<\/title>\n<meta name=\"robots\" content=\"index, follow, max-snippet:-1, max-image-preview:large, max-video-preview:-1\" \/>\n<link rel=\"canonical\" href=\"https:\/\/lumerestaurante.com\/de\/terminos-y-condiciones\/\" \/>\n<meta property=\"og:locale\" content=\"de_DE\" \/>\n<meta property=\"og:type\" content=\"article\" \/>\n<meta property=\"og:title\" content=\"T\u00e9rminos y condiciones &#8212; Lume &amp; Co\" \/>\n<meta property=\"og:description\" content=\"Pol\u00edtica de protecci\u00f3n de datos Lume &amp; Co restaurante en Mallorca Bienvenido a la p\u00e1gina Web de Lume &amp; Co restaurante en Mallora. Le rogamos lea atentamente la siguiente informaci\u00f3n&hellip;\" \/>\n<meta property=\"og:url\" content=\"https:\/\/lumerestaurante.com\/de\/terminos-y-condiciones\/\" \/>\n<meta property=\"og:site_name\" content=\"Lume &amp; Co\" \/>\n<meta property=\"article:publisher\" content=\"https:\/\/www.facebook.com\/LumeAndCo\/\" \/>\n<meta property=\"article:modified_time\" content=\"2025-04-16T13:16:59+00:00\" \/>\n<meta name=\"twitter:card\" content=\"summary_large_image\" \/>\n<meta name=\"twitter:label1\" content=\"Gesch\u00e4tzte Lesezeit\" \/>\n\t<meta name=\"twitter:data1\" content=\"5\u00a0Minuten\" \/>\n<script type=\"application\/ld+json\" class=\"yoast-schema-graph\">{\"@context\":\"https:\/\/schema.org\",\"@graph\":[{\"@type\":\"WebPage\",\"@id\":\"https:\/\/lumerestaurante.com\/de\/terminos-y-condiciones\/\",\"url\":\"https:\/\/lumerestaurante.com\/de\/terminos-y-condiciones\/\",\"name\":\"T\u00e9rminos y condiciones &#8212; Lume &amp; Co\",\"isPartOf\":{\"@id\":\"https:\/\/lumerestaurante.com\/de\/#website\"},\"datePublished\":\"2025-04-16T13:14:44+00:00\",\"dateModified\":\"2025-04-16T13:16:59+00:00\",\"breadcrumb\":{\"@id\":\"https:\/\/lumerestaurante.com\/de\/terminos-y-condiciones\/#breadcrumb\"},\"inLanguage\":\"de\",\"potentialAction\":[{\"@type\":\"ReadAction\",\"target\":[\"https:\/\/lumerestaurante.com\/de\/terminos-y-condiciones\/\"]}]},{\"@type\":\"BreadcrumbList\",\"@id\":\"https:\/\/lumerestaurante.com\/de\/terminos-y-condiciones\/#breadcrumb\",\"itemListElement\":[{\"@type\":\"ListItem\",\"position\":1,\"name\":\"Portada\",\"item\":\"https:\/\/lumerestaurante.com\/de\/\"},{\"@type\":\"ListItem\",\"position\":2,\"name\":\"T\u00e9rminos y condiciones\"}]},{\"@type\":\"WebSite\",\"@id\":\"https:\/\/lumerestaurante.com\/de\/#website\",\"url\":\"https:\/\/lumerestaurante.com\/de\/\",\"name\":\"Lume & Co\",\"description\":\"\",\"publisher\":{\"@id\":\"https:\/\/lumerestaurante.com\/de\/#organization\"},\"potentialAction\":[{\"@type\":\"SearchAction\",\"target\":{\"@type\":\"EntryPoint\",\"urlTemplate\":\"https:\/\/lumerestaurante.com\/de\/?s={search_term_string}\"},\"query-input\":{\"@type\":\"PropertyValueSpecification\",\"valueRequired\":true,\"valueName\":\"search_term_string\"}}],\"inLanguage\":\"de\"},{\"@type\":\"Organization\",\"@id\":\"https:\/\/lumerestaurante.com\/de\/#organization\",\"name\":\"Lume & Co\",\"url\":\"https:\/\/lumerestaurante.com\/de\/\",\"logo\":{\"@type\":\"ImageObject\",\"inLanguage\":\"de\",\"@id\":\"https:\/\/lumerestaurante.com\/de\/#\/schema\/logo\/image\/\",\"url\":\"https:\/\/lumerestaurante.com\/wp-content\/uploads\/2021\/03\/ParentLogo.svg\",\"contentUrl\":\"https:\/\/lumerestaurante.com\/wp-content\/uploads\/2021\/03\/ParentLogo.svg\",\"width\":120,\"height\":120,\"caption\":\"Lume & Co\"},\"image\":{\"@id\":\"https:\/\/lumerestaurante.com\/de\/#\/schema\/logo\/image\/\"},\"sameAs\":[\"https:\/\/www.facebook.com\/LumeAndCo\/\",\"https:\/\/www.instagram.com\/lumerestaurantemallorca\/?hl=en\"]}]}<\/script>\n<!-- \/ Yoast SEO plugin. -->","yoast_head_json":{"title":"T\u00e9rminos y condiciones &#8212; Lume &amp; Co","robots":{"index":"index","follow":"follow","max-snippet":"max-snippet:-1","max-image-preview":"max-image-preview:large","max-video-preview":"max-video-preview:-1"},"canonical":"https:\/\/lumerestaurante.com\/de\/terminos-y-condiciones\/","og_locale":"de_DE","og_type":"article","og_title":"T\u00e9rminos y condiciones &#8212; Lume &amp; Co","og_description":"Pol\u00edtica de protecci\u00f3n de datos Lume &amp; Co restaurante en Mallorca Bienvenido a la p\u00e1gina Web de Lume &amp; Co restaurante en Mallora. Le rogamos lea atentamente la siguiente informaci\u00f3n&hellip;","og_url":"https:\/\/lumerestaurante.com\/de\/terminos-y-condiciones\/","og_site_name":"Lume &amp; Co","article_publisher":"https:\/\/www.facebook.com\/LumeAndCo\/","article_modified_time":"2025-04-16T13:16:59+00:00","twitter_card":"summary_large_image","twitter_misc":{"Gesch\u00e4tzte Lesezeit":"5\u00a0Minuten"},"schema":{"@context":"https:\/\/schema.org","@graph":[{"@type":"WebPage","@id":"https:\/\/lumerestaurante.com\/de\/terminos-y-condiciones\/","url":"https:\/\/lumerestaurante.com\/de\/terminos-y-condiciones\/","name":"T\u00e9rminos y condiciones &#8212; Lume &amp; Co","isPartOf":{"@id":"https:\/\/lumerestaurante.com\/de\/#website"},"datePublished":"2025-04-16T13:14:44+00:00","dateModified":"2025-04-16T13:16:59+00:00","breadcrumb":{"@id":"https:\/\/lumerestaurante.com\/de\/terminos-y-condiciones\/#breadcrumb"},"inLanguage":"de","potentialAction":[{"@type":"ReadAction","target":["https:\/\/lumerestaurante.com\/de\/terminos-y-condiciones\/"]}]},{"@type":"BreadcrumbList","@id":"https:\/\/lumerestaurante.com\/de\/terminos-y-condiciones\/#breadcrumb","itemListElement":[{"@type":"ListItem","position":1,"name":"Portada","item":"https:\/\/lumerestaurante.com\/de\/"},{"@type":"ListItem","position":2,"name":"T\u00e9rminos y condiciones"}]},{"@type":"WebSite","@id":"https:\/\/lumerestaurante.com\/de\/#website","url":"https:\/\/lumerestaurante.com\/de\/","name":"Lume & Co","description":"","publisher":{"@id":"https:\/\/lumerestaurante.com\/de\/#organization"},"potentialAction":[{"@type":"SearchAction","target":{"@type":"EntryPoint","urlTemplate":"https:\/\/lumerestaurante.com\/de\/?s={search_term_string}"},"query-input":{"@type":"PropertyValueSpecification","valueRequired":true,"valueName":"search_term_string"}}],"inLanguage":"de"},{"@type":"Organization","@id":"https:\/\/lumerestaurante.com\/de\/#organization","name":"Lume & Co","url":"https:\/\/lumerestaurante.com\/de\/","logo":{"@type":"ImageObject","inLanguage":"de","@id":"https:\/\/lumerestaurante.com\/de\/#\/schema\/logo\/image\/","url":"https:\/\/lumerestaurante.com\/wp-content\/uploads\/2021\/03\/ParentLogo.svg","contentUrl":"https:\/\/lumerestaurante.com\/wp-content\/uploads\/2021\/03\/ParentLogo.svg","width":120,"height":120,"caption":"Lume & Co"},"image":{"@id":"https:\/\/lumerestaurante.com\/de\/#\/schema\/logo\/image\/"},"sameAs":["https:\/\/www.facebook.com\/LumeAndCo\/","https:\/\/www.instagram.com\/lumerestaurantemallorca\/?hl=en"]}]}},"_links":{"self":[{"href":"https:\/\/lumerestaurante.com\/de\/wp-json\/wp\/v2\/pages\/79444","targetHints":{"allow":["GET"]}}],"collection":[{"href":"https:\/\/lumerestaurante.com\/de\/wp-json\/wp\/v2\/pages"}],"about":[{"href":"https:\/\/lumerestaurante.com\/de\/wp-json\/wp\/v2\/types\/page"}],"author":[{"embeddable":true,"href":"https:\/\/lumerestaurante.com\/de\/wp-json\/wp\/v2\/users\/1"}],"replies":[{"embeddable":true,"href":"https:\/\/lumerestaurante.com\/de\/wp-json\/wp\/v2\/comments?post=79444"}],"version-history":[{"count":1,"href":"https:\/\/lumerestaurante.com\/de\/wp-json\/wp\/v2\/pages\/79444\/revisions"}],"predecessor-version":[{"id":79445,"href":"https:\/\/lumerestaurante.com\/de\/wp-json\/wp\/v2\/pages\/79444\/revisions\/79445"}],"wp:attachment":[{"href":"https:\/\/lumerestaurante.com\/de\/wp-json\/wp\/v2\/media?parent=79444"}],"curies":[{"name":"wp","href":"https:\/\/api.w.org\/{rel}","templated":true}]}}